{"id":476,"date":"2019-04-09T04:28:09","date_gmt":"2019-04-09T04:28:09","guid":{"rendered":"https:\/\/victorthemes.com\/themes\/windfall\/?page_id=476"},"modified":"2026-02-02T20:45:40","modified_gmt":"2026-02-02T17:45:40","slug":"testimonials","status":"publish","type":"page","link":"https:\/\/www.ceyranix.com\/tr\/testimonials\/","title":{"rendered":"G\u00f6r\u00fc\u015fler"},"content":{"rendered":"<div data-elementor-type=\"wp-post\" data-elementor-id=\"476\" class=\"elementor elementor-476\" data-elementor-post-type=\"page\">\n\t\t\t\t\t\t<section class=\"elementor-section elementor-top-section elementor-element elementor-element-eb2d2eb elementor-section-boxed elementor-section-height-default elementor-section-height-default\" data-id=\"eb2d2eb\" data-element_type=\"section\" data-e-type=\"section\">\n\t\t\t\t\t\t<div class=\"elementor-container elementor-column-gap-default\">\n\t\t\t\t\t<div class=\"elementor-column elementor-col-100 elementor-top-column elementor-element elementor-element-2f3fac5\" data-id=\"2f3fac5\" data-element_type=\"column\" data-e-type=\"column\">\n\t\t\t<div class=\"elementor-widget-wrap elementor-element-populated\">\n\t\t\t\t\t\t<div class=\"elementor-element elementor-element-9f1a5cb elementor-widget elementor-widget-vt-windfall_section_title\" data-id=\"9f1a5cb\" data-element_type=\"widget\" data-e-type=\"widget\" data-widget_type=\"vt-windfall_section_title.default\">\n\t\t\t\t<div class=\"elementor-widget-container\">\n\t\t\t\t\t<div class=\"section-title-wrap  wndfal-sectTitleElementor\"><h2 class=\"section-title\">M\u00fc\u015fteri Geri Bildirimi<\/h2><p>Sadece bizim s\u00f6z\u00fcm\u00fcze inanma. M\u00fc\u015fterilerimizin CeyranIX'i neden sevdi\u011fini g\u00f6r\u00fcn!<\/p><\/div>\t\t\t\t<\/div>\n\t\t\t\t<\/div>\n\t\t\t\t\t<\/div>\n\t\t<\/div>\n\t\t\t\t\t<\/div>\n\t\t<\/section>\n\t\t\t\t<section class=\"elementor-section elementor-top-section elementor-element elementor-element-17615ef elementor-section-full_width elementor-section-stretched elementor-section-height-default elementor-section-height-default\" data-id=\"17615ef\" data-element_type=\"section\" data-e-type=\"section\" data-settings=\"{&quot;stretch_section&quot;:&quot;section-stretched&quot;}\">\n\t\t\t\t\t\t<div class=\"elementor-container elementor-column-gap-default\">\n\t\t\t\t\t<div class=\"elementor-column elementor-col-100 elementor-top-column elementor-element elementor-element-511ceb6\" data-id=\"511ceb6\" data-element_type=\"column\" data-e-type=\"column\">\n\t\t\t<div class=\"elementor-widget-wrap elementor-element-populated\">\n\t\t\t\t\t\t<div class=\"elementor-element elementor-element-95e395a elementor-widget elementor-widget-vt-windfall_testimonial_carousel\" data-id=\"95e395a\" data-element_type=\"widget\" data-e-type=\"widget\" data-widget_type=\"vt-windfall_testimonial_carousel.default\">\n\t\t\t\t<div class=\"elementor-widget-container\">\n\t\t\t\t\t\t\t<div class=\"wndfal-customers customers-style-two\">\r\n\t\t  <div class=\"container\">\r\n\t\t    <div class=\"row\">\r\n\t\t\t\t          <div class=\"col-lg-4 col-md-6\">\r\n\t\t            <div class=\"customer-item\">\r\n\t\t             <p>CeyranIX ekibiyle birka\u00e7 iyi deneyim ya\u015fad\u0131k. Son zamanlarda, 20 y\u0131ll\u0131k HVAC sistemimizi yeni, modern ve daha verimli bir sistemle de\u011fi\u015ftirdiler ve iyi \u00e7al\u0131\u015ft\u0131.<\/p>\r\n\t\t              <div class=\"customer-info\">\r\n\t\t                \t\t                <div class=\"customer-inner-info\">\r\n\t\t                  <h5 class=\"customer-name\"><a href=\"https:\/\/www.ceyranix.com\/tr\/testimonial\/jm\/\">J***e M***d<\/a><\/h5>\r\n\t\t                  <p>Istanbul<\/p>\t\t                <\/div>\r\n\t\t              <\/div>\r\n\t\t            <\/div>\r\n\t\t          <\/div>\r\n\t\t        \t\t          <div class=\"col-lg-4 col-md-6\">\r\n\t\t            <div class=\"customer-item\">\r\n\t\t             <p>Bir sigorta panelini bir k\u0131r\u0131c\u0131 paneliyle de\u011fi\u015ftirmelerini sa\u011flad\u0131m ve i\u015f tam olarak yap\u0131laca\u011f\u0131n\u0131 s\u00f6yledikleri zaman yap\u0131ld\u0131 ve maliyetle teklif ettiler. Y\u00fckleyici h\u0131zl\u0131yd\u0131 ve d\u00fczg\u00fcn giyinmi\u015fti.<\/p>\r\n\t\t              <div class=\"customer-info\">\r\n\t\t                \t\t                <div class=\"customer-inner-info\">\r\n\t\t                  <h5 class=\"customer-name\"><a href=\"https:\/\/www.ceyranix.com\/tr\/testimonial\/rg\/\">R***l G***n<\/a><\/h5>\r\n\t\t                  <p>Istanbul<\/p>\t\t                <\/div>\r\n\t\t              <\/div>\r\n\t\t            <\/div>\r\n\t\t          <\/div>\r\n\t\t        \t\t          <div class=\"col-lg-4 col-md-6\">\r\n\t\t            <div class=\"customer-item\">\r\n\t\t             <p>Bug\u00fcnk\u00fc uzmanl\u0131klar\u0131 i\u00e7in \u00e7ok te\u015fekk\u00fcrler. Eski s\u0131hhi tesisat\u0131 olan bir evdeki bir s\u0131hhi tesisat sorununa h\u0131zl\u0131 bir \u015fekilde yan\u0131t verdiler ve sorunu \u00e7\u00f6zd\u00fcler. Sorunu a\u00e7\u0131klamaya istekli oldu\u011funu takdir ettim.<\/p>\r\n\t\t              <div class=\"customer-info\">\r\n\t\t                \t\t                <div class=\"customer-inner-info\">\r\n\t\t                  <h5 class=\"customer-name\"><a href=\"https:\/\/www.ceyranix.com\/tr\/testimonial\/rp-an\/\">R***p A***n<\/a><\/h5>\r\n\t\t                  <p>Izmir<\/p>\t\t                <\/div>\r\n\t\t              <\/div>\r\n\t\t            <\/div>\r\n\t\t          <\/div>\r\n\t\t        \t\t          <div class=\"col-lg-4 col-md-6\">\r\n\t\t            <div class=\"customer-item\">\r\n\t\t             <p>CeyranIX teknisyenleri s\u0131z\u0131nt\u0131n\u0131n kayna\u011f\u0131n\u0131 belirlemede gayretli ve titizdir. Maliyetimi, aksakl\u0131klar\u0131m\u0131 ve i\u015f sonras\u0131 temizli\u011fimi en aza indirmek i\u00e7in \u00e7al\u0131\u015ft\u0131lar ve evimizi terk etmeye b\u00fcy\u00fck \u00f6zen g\u00f6sterdiler.<\/p>\r\n\t\t              <div class=\"customer-info\">\r\n\t\t                \t\t                <div class=\"customer-inner-info\">\r\n\t\t                  <h5 class=\"customer-name\"><a href=\"https:\/\/www.ceyranix.com\/tr\/testimonial\/mm\/\">M***n M***r<\/a><\/h5>\r\n\t\t                  <p>Istanbul<\/p>\t\t                <\/div>\r\n\t\t              <\/div>\r\n\t\t            <\/div>\r\n\t\t          <\/div>\r\n\t\t        \t\t          <div class=\"col-lg-4 col-md-6\">\r\n\t\t            <div class=\"customer-item\">\r\n\t\t             <p>D\u0131\u015f verandam\u0131 ve istinat duvar\u0131 ayd\u0131nlatma armat\u00fcrlerimi de\u011fi\u015ftirdim. Ayr\u0131ca, evin arkas\u0131na yeni bir hareket sens\u00f6rl\u00fc sel lambas\u0131 tak\u0131ld\u0131. Profesyonel ihtiya\u00e7lar\u0131m\u0131 \u00e7ok dikkatle dinledi.<\/p>\r\n\t\t              <div class=\"customer-info\">\r\n\t\t                \t\t                <div class=\"customer-inner-info\">\r\n\t\t                  <h5 class=\"customer-name\"><a href=\"https:\/\/www.ceyranix.com\/tr\/testimonial\/dv\/\">D***z V***t<\/a><\/h5>\r\n\t\t                  <p>Istanbul<\/p>\t\t                <\/div>\r\n\t\t              <\/div>\r\n\t\t            <\/div>\r\n\t\t          <\/div>\r\n\t\t        \t\t          <div class=\"col-lg-4 col-md-6\">\r\n\t\t            <div class=\"customer-item\">\r\n\t\t             <p>Profesyonellerimizden beklenmedik bir \u015fekilde \u00e7ok memnunuz, m\u00fckemmel i\u015fler yap\u0131yorlar ve \u00e7ok profesyoneller. Onar\u0131lan her \u015feyi anlad\u0131\u011f\u0131m\u0131zdan emin oldular. Bu b\u00fcy\u00fck bir g\u00f6n\u00fcl rahatl\u0131\u011f\u0131.<\/p>\r\n\t\t              <div class=\"customer-info\">\r\n\t\t                \t\t                <div class=\"customer-inner-info\">\r\n\t\t                  <h5 class=\"customer-name\"><a href=\"https:\/\/www.ceyranix.com\/tr\/testimonial\/0-2\/\">A***n C***r<\/a><\/h5>\r\n\t\t                  <p>Istanbul<\/p>\t\t                <\/div>\r\n\t\t              <\/div>\r\n\t\t            <\/div>\r\n\t\t          <\/div>\r\n\t\t        \t\t        \t\t        <\/div>\r\n\t\t      <\/div>\r\n\t\t      <\/div>\r\n\r\n\t\t  \t\t\t\t<\/div>\n\t\t\t\t<\/div>\n\t\t\t\t\t<\/div>\n\t\t<\/div>\n\t\t\t\t\t<\/div>\n\t\t<\/section>\n\t\t\t\t<section class=\"elementor-section elementor-top-section elementor-element elementor-element-c48918a elementor-section-boxed elementor-section-height-default elementor-section-height-default\" data-id=\"c48918a\" data-element_type=\"section\" data-e-type=\"section\">\n\t\t\t\t\t\t<div class=\"elementor-container elementor-column-gap-default\">\n\t\t\t\t\t<div class=\"elementor-column elementor-col-100 elementor-top-column elementor-element elementor-element-5a3c177\" data-id=\"5a3c177\" data-element_type=\"column\" data-e-type=\"column\">\n\t\t\t<div class=\"elementor-widget-wrap elementor-element-populated\">\n\t\t\t\t\t\t<div class=\"elementor-element elementor-element-9deb0a0 elementor-widget elementor-widget-vt-windfall_button\" data-id=\"9deb0a0\" data-element_type=\"widget\" data-e-type=\"widget\" data-widget_type=\"vt-windfall_button.default\">\n\t\t\t\t<div class=\"elementor-widget-container\">\n\t\t\t\t\t<div class=\"windfall-btn-wrap\"><div class=\"wndfal-btns-grop\"><a href=\"\/tr\/cix\/contact-us\/\"   class=\"wndfal-btn  wndfal-noborder-btn\"><span class=\"btn-text-wrap\"><span class=\"btn-text\">Daha Fazla Geri Bildirim<\/span><\/span><\/a><\/div><\/div>\t\t\t\t<\/div>\n\t\t\t\t<\/div>\n\t\t\t\t\t<\/div>\n\t\t<\/div>\n\t\t\t\t\t<\/div>\n\t\t<\/section>\n\t\t\t\t<\/div>","protected":false},"excerpt":{"rendered":"Customers Feedback Don&#8217;t just take our word. See why our customers love CeyranIX! We have had several good experiences with windfall team. Most recently, they replaced our 20-year-old HVAC system with a new, modern, and more efficient system &#038; it worked fine. J***e M***d Istanbul I had them replace a fuse panel with a breaker&#8230;","protected":false},"author":1,"featured_media":0,"parent":0,"menu_order":0,"comment_status":"closed","ping_status":"closed","template":"","meta":{"footnotes":""},"class_list":["post-476","page","type-page","status-publish","hentry"],"_links":{"self":[{"href":"https:\/\/www.ceyranix.com\/tr\/wp-json\/wp\/v2\/pages\/476","targetHints":{"allow":["GET"]}}],"collection":[{"href":"https:\/\/www.ceyranix.com\/tr\/wp-json\/wp\/v2\/pages"}],"about":[{"href":"https:\/\/www.ceyranix.com\/tr\/wp-json\/wp\/v2\/types\/page"}],"author":[{"embeddable":true,"href":"https:\/\/www.ceyranix.com\/tr\/wp-json\/wp\/v2\/users\/1"}],"replies":[{"embeddable":true,"href":"https:\/\/www.ceyranix.com\/tr\/wp-json\/wp\/v2\/comments?post=476"}],"version-history":[{"count":13,"href":"https:\/\/www.ceyranix.com\/tr\/wp-json\/wp\/v2\/pages\/476\/revisions"}],"predecessor-version":[{"id":1782,"href":"https:\/\/www.ceyranix.com\/tr\/wp-json\/wp\/v2\/pages\/476\/revisions\/1782"}],"wp:attachment":[{"href":"https:\/\/www.ceyranix.com\/tr\/wp-json\/wp\/v2\/media?parent=476"}],"curies":[{"name":"wp","href":"https:\/\/api.w.org\/{rel}","templated":true}]}}