{"id":377,"date":"2019-04-04T10:01:49","date_gmt":"2019-04-04T10:01:49","guid":{"rendered":"https:\/\/victorthemes.com\/themes\/windfall\/?page_id=377"},"modified":"2026-02-10T20:10:45","modified_gmt":"2026-02-10T17:10:45","slug":"contact-us","status":"publish","type":"page","link":"https:\/\/www.ceyranix.com\/tr\/contact-us\/","title":{"rendered":"Bize Ula\u015f\u0131n"},"content":{"rendered":"<div data-elementor-type=\"wp-post\" data-elementor-id=\"377\" class=\"elementor elementor-377\" data-elementor-post-type=\"page\">\n\t\t\t\t\t\t<section class=\"elementor-section elementor-top-section elementor-element elementor-element-18045ec elementor-section-full_width elementor-section-height-default elementor-section-height-default\" data-id=\"18045ec\" data-element_type=\"section\" data-e-type=\"section\">\n\t\t\t\t\t\t<div class=\"elementor-container elementor-column-gap-default\">\n\t\t\t\t\t<div class=\"elementor-column elementor-col-33 elementor-top-column elementor-element elementor-element-da2c3c9\" data-id=\"da2c3c9\" data-element_type=\"column\" data-e-type=\"column\">\n\t\t\t<div class=\"elementor-widget-wrap elementor-element-populated\">\n\t\t\t\t\t\t<div class=\"elementor-element elementor-element-27ab7b3 elementor-widget elementor-widget-vt-windfall_address_info\" data-id=\"27ab7b3\" data-element_type=\"widget\" data-e-type=\"widget\" data-widget_type=\"vt-windfall_address_info.default\">\n\t\t\t\t<div class=\"elementor-widget-container\">\n\t\t\t\t\t<div class=\"wndfal-contact\">\r\n\t\t\t\t        <div class=\"contact-info\">\r\n\t\t\t\t          <div class=\"section-title-wrap title-style-two\">\r\n\t\t\t\t            <h2 class=\"section-title\">\u0130leti\u015fim Bilgileri<\/h2><p>\u00d6zelliklerimiz, hizmet fiyatlar\u0131m\u0131z veya ba\u015fka herhangi bir konuda sorunuz varsa, ekibimiz t\u00fcm sorular\u0131n\u0131z\u0131 yan\u0131tlamaya haz\u0131rd\u0131r.<\/p>\r\n\t\t\t\t          <\/div>\r\n\t\t\t\t          <ul><li> <div class=\"wndfal-icon\"><i class=\"ti-location-pin\" aria-hidden=\"true\"><\/i><\/div><div class=\"contact-inner-info\"><span class=\"list-title\">Adres<\/span>Istanbul TURKIYE.<\/div><\/li><li> <div class=\"wndfal-icon\"><i class=\"ti-mobile\" aria-hidden=\"true\"><\/i><\/div><div class=\"contact-inner-info\"><span class=\"list-title\">Aray\u0131n: <\/span><a href=\"tel:905321665194\" target=\"_blank\" rel=\"nofollow\">+90-532-166-5194<\/a><\/div><\/li><li> <div class=\"wndfal-icon\"><i class=\"ti-email\" aria-hidden=\"true\"><\/i><\/div><div class=\"contact-inner-info\"><span class=\"list-title\">E-posta: <\/span><a href=\"#0\" target=\"_blank\" rel=\"nofollow\">info@ceyranix.com<\/a><\/div><\/li><\/ul><\/div><\/div>\t\t\t\t<\/div>\n\t\t\t\t<\/div>\n\t\t\t\t<div class=\"elementor-element elementor-element-7b81983 elementor-widget elementor-widget-vt-windfall_social_icons\" data-id=\"7b81983\" data-element_type=\"widget\" data-e-type=\"widget\" data-widget_type=\"vt-windfall_social_icons.default\">\n\t\t\t\t<div class=\"elementor-widget-container\">\n\t\t\t\t\t<div class=\"wndfal-social  rounded\"><a  href=\"https:\/\/www.facebook.com\" target=\"_blank\" rel=\"nofollow\" class=\"icon-fa-facebook\"><span><i class=\"fa fa-facebook\"><\/i><\/span><\/a><a  href=\"https:\/\/www.instagram.com\" target=\"_blank\" rel=\"nofollow\" class=\"icon-fa-instagram\"><span><i class=\"fa fa-instagram\"><\/i><\/span><\/a><\/div>\t\t\t\t<\/div>\n\t\t\t\t<\/div>\n\t\t\t\t\t<\/div>\n\t\t<\/div>\n\t\t\t\t<div class=\"elementor-column elementor-col-66 elementor-top-column elementor-element elementor-element-a4e231f\" data-id=\"a4e231f\" data-element_type=\"column\" data-e-type=\"column\">\n\t\t\t<div class=\"elementor-widget-wrap elementor-element-populated\">\n\t\t\t\t\t\t<div class=\"elementor-element elementor-element-bc24231 elementor-widget elementor-widget-vt-windfall_contact_form\" data-id=\"bc24231\" data-element_type=\"widget\" data-e-type=\"widget\" data-widget_type=\"vt-windfall_contact_form.default\">\n\t\t\t\t<div class=\"elementor-widget-container\">\n\t\t\t\t\t<div class=\"wndfal-contact-form wndfal-form wndfal-cntat-form\">\n<div class=\"wpcf7 no-js\" id=\"wpcf7-f385-o1\" lang=\"en-US\" dir=\"ltr\" data-wpcf7-id=\"385\">\n<div class=\"screen-reader-response\"><p role=\"status\" aria-live=\"polite\" aria-atomic=\"true\"><\/p> <ul><\/ul><\/div>\n<form action=\"\/tr\/wp-json\/wp\/v2\/pages\/377#wpcf7-f385-o1\" method=\"post\" class=\"wpcf7-form init\" aria-label=\"Contact form\" novalidate=\"novalidate\" data-status=\"init\" data-trp-original-action=\"\/tr\/wp-json\/wp\/v2\/pages\/377#wpcf7-f385-o1\">\n<fieldset class=\"hidden-fields-container\"><input type=\"hidden\" name=\"_wpcf7\" value=\"385\" \/><input type=\"hidden\" name=\"_wpcf7_version\" value=\"6.1.5\" \/><input type=\"hidden\" name=\"_wpcf7_locale\" value=\"en_US\" \/><input type=\"hidden\" name=\"_wpcf7_unit_tag\" value=\"wpcf7-f385-o1\" \/><input type=\"hidden\" name=\"_wpcf7_container_post\" value=\"0\" \/><input type=\"hidden\" name=\"_wpcf7_posted_data_hash\" value=\"\" \/>\n<\/fieldset>\n<div class=\"row\">\n\t<div class=\"col-md-6\">\n\t\t<p><label> Ad\u0131n\u0131z (gerekli) <\/label><br \/>\n<span class=\"wpcf7-form-control-wrap\" data-name=\"your-name\"><input size=\"40\" maxlength=\"400\" class=\"wpcf7-form-control wpcf7-text wpcf7-validates-as-required\" aria-required=\"true\" aria-invalid=\"false\" value=\"\" type=\"text\" name=\"your-name\" \/><\/span>\n\t\t<\/p>\n\t<\/div>\n\t<div class=\"col-md-6\">\n\t\t<p><label> E-postan\u0131z (gerekli) <\/label><br \/>\n<span class=\"wpcf7-form-control-wrap\" data-name=\"your-email\"><input size=\"40\" maxlength=\"400\" class=\"wpcf7-form-control wpcf7-email wpcf7-validates-as-required wpcf7-text wpcf7-validates-as-email\" aria-required=\"true\" aria-invalid=\"false\" value=\"\" type=\"email\" name=\"your-email\" \/><\/span>\n\t\t<\/p>\n\t<\/div>\n\t<div class=\"col-md-6\">\n\t\t<p><label> Telefon Numaras\u0131 <\/label><br \/>\n<span class=\"wpcf7-form-control-wrap\" data-name=\"tel-459\"><input size=\"40\" maxlength=\"400\" class=\"wpcf7-form-control wpcf7-tel wpcf7-text wpcf7-validates-as-tel\" aria-invalid=\"false\" value=\"\" type=\"tel\" name=\"tel-459\" \/><\/span>\n\t\t<\/p>\n\t<\/div>\n\t<div class=\"col-md-6\">\n\t\t<p><label> Konu <\/label><br \/>\n<span class=\"wpcf7-form-control-wrap\" data-name=\"your-subject\"><input size=\"40\" maxlength=\"400\" class=\"wpcf7-form-control wpcf7-text\" aria-invalid=\"false\" value=\"\" type=\"text\" name=\"your-subject\" \/><\/span>\n\t\t<\/p>\n\t<\/div>\n\t<div class=\"col-md-12\">\n\t\t<p><label> Mesaj\u0131n\u0131z <\/label><br \/>\n<span class=\"wpcf7-form-control-wrap\" data-name=\"your-message\"><textarea cols=\"40\" rows=\"10\" maxlength=\"2000\" class=\"wpcf7-form-control wpcf7-textarea\" aria-invalid=\"false\" name=\"your-message\"><\/textarea><\/span>\n\t\t<\/p>\n\t<\/div>\n\t<div class=\"col-md-12\">\n\t\t<p><input class=\"wpcf7-form-control wpcf7-submit has-spinner\" type=\"submit\" value=\"Mesaj G\u00f6nder\" \/>\n\t\t<\/p>\n\t<\/div>\n<\/div><p style=\"display: none !important;\" class=\"akismet-fields-container\" data-prefix=\"_wpcf7_ak_\"><label>\u0394<textarea name=\"_wpcf7_ak_hp_textarea\" cols=\"45\" rows=\"8\" maxlength=\"100\"><\/textarea><\/label><input type=\"hidden\" id=\"ak_js_1\" name=\"_wpcf7_ak_js\" value=\"184\"\/><script>document.getElementById( \"ak_js_1\" ).setAttribute( \"value\", ( new Date() ).getTime() );<\/script><\/p><div class=\"wpcf7-response-output\" aria-hidden=\"true\"><\/div>\n<input type=\"hidden\" name=\"trp-form-language\" value=\"tr\"\/><\/form>\n<\/div>\n<\/div>\t\t\t\t<\/div>\n\t\t\t\t<\/div>\n\t\t\t\t\t<\/div>\n\t\t<\/div>\n\t\t\t\t\t<\/div>\n\t\t<\/section>\n\t\t\t\t<\/div>","protected":false},"excerpt":{"rendered":"Contact Info Whether you have a question about our features, service pricing or anything else our team is ready to answer all your questions. Address:Istanbul TURKIYE. Call: +90-532-166-5194 Email: info@ceyranix.com Your Name (required) Your Email (required) Phone Number Subject Your Message &#916;","protected":false},"author":1,"featured_media":0,"parent":0,"menu_order":0,"comment_status":"closed","ping_status":"closed","template":"","meta":{"footnotes":""},"class_list":["post-377","page","type-page","status-publish","hentry"],"_links":{"self":[{"href":"https:\/\/www.ceyranix.com\/tr\/wp-json\/wp\/v2\/pages\/377","targetHints":{"allow":["GET"]}}],"collection":[{"href":"https:\/\/www.ceyranix.com\/tr\/wp-json\/wp\/v2\/pages"}],"about":[{"href":"https:\/\/www.ceyranix.com\/tr\/wp-json\/wp\/v2\/types\/page"}],"author":[{"embeddable":true,"href":"https:\/\/www.ceyranix.com\/tr\/wp-json\/wp\/v2\/users\/1"}],"replies":[{"embeddable":true,"href":"https:\/\/www.ceyranix.com\/tr\/wp-json\/wp\/v2\/comments?post=377"}],"version-history":[{"count":15,"href":"https:\/\/www.ceyranix.com\/tr\/wp-json\/wp\/v2\/pages\/377\/revisions"}],"predecessor-version":[{"id":2236,"href":"https:\/\/www.ceyranix.com\/tr\/wp-json\/wp\/v2\/pages\/377\/revisions\/2236"}],"wp:attachment":[{"href":"https:\/\/www.ceyranix.com\/tr\/wp-json\/wp\/v2\/media?parent=377"}],"curies":[{"name":"wp","href":"https:\/\/api.w.org\/{rel}","templated":true}]}}