{"id":2032,"date":"2026-02-06T15:10:23","date_gmt":"2026-02-06T12:10:23","guid":{"rendered":"https:\/\/www.ceyranix.com\/?page_id=2032"},"modified":"2026-02-06T15:58:38","modified_gmt":"2026-02-06T12:58:38","slug":"service","status":"publish","type":"page","link":"https:\/\/www.ceyranix.com\/tr\/service\/","title":{"rendered":"\u0130\u00e7 ve D\u0131\u015f Mekan Yenileme"},"content":{"rendered":"<div data-elementor-type=\"wp-page\" data-elementor-id=\"2032\" class=\"elementor elementor-2032\" data-elementor-post-type=\"page\">\n\t\t\t\t<div class=\"elementor-element elementor-element-112dbcf e-flex e-con-boxed e-con e-parent\" data-id=\"112dbcf\" data-element_type=\"container\" data-e-type=\"container\">\n\t\t\t\t\t<div class=\"e-con-inner\">\n\t\t\t\t<div class=\"elementor-element elementor-element-e779ab2 elementor-widget elementor-widget-text-editor\" data-id=\"e779ab2\" data-element_type=\"widget\" data-e-type=\"widget\" data-widget_type=\"text-editor.default\">\n\t\t\t\t\t\t\t\t\t<h4>Etkili ileti\u015fim, her t\u00fcrl\u00fc i\u015fin ba\u015far\u0131s\u0131n\u0131n anahtar\u0131d\u0131r. Ofis personelimizden saha teknisyenlerimize kadar, m\u00fc\u015fterilerimizi projelerinin durumu hakk\u0131nda her zaman g\u00fcncel tutmak bizim i\u00e7in hayati \u00f6nem ta\u015f\u0131r. Canl\u0131 ba\u011flant\u0131 politikam\u0131z, her m\u00fc\u015fterimize \u00f6zen, kalite ve g\u00fcvenle yakla\u015fmakt\u0131r. Projenin b\u00fcy\u00fckl\u00fc\u011f\u00fc veya k\u00fc\u00e7\u00fckl\u00fc\u011f\u00fc ne olursa olsun, her m\u00fc\u015fterimizle ili\u015fki kurmak hedefimizdir.<\/h4><p>Zaman\u0131n\u0131z\u0131n son derece de\u011ferli oldu\u011funu tamamen anl\u0131yoruz. Teslim tarihlerine uymaya kararl\u0131y\u0131z ve dakiklikle evliyiz. E\u011fitimli teknisyenlerimizi bekleme konusunda asla endi\u015felenmenize gerek kalmayacak.<\/p><h2>G\u00fcvenli\u011fi G\u00f6z \u00d6n\u00fcnde Bulundurarak Elektrik Hizmetleri<\/h2><p>Hizmetlerimizin \u00e7o\u011fu, in\u015faat\u0131n niteli\u011fine g\u00f6re s\u0131n\u0131fland\u0131r\u0131l\u0131r veya daha do\u011frusu yap\u0131land\u0131r\u0131l\u0131r - ister yeni in\u015faat olsun, ister binay\u0131 halihaz\u0131rda kullan\u0131yor olun. Her iki senaryoda da baz\u0131 elektrik hizmetleri \u00e7ak\u0131\u015fabilir, ancak yeni bir in\u015faat ba\u015flat\u0131rken CeyranIX Elektrik dan\u0131\u015fman\u0131z \u00f6nemlidir, b\u00f6ylece elektrik altyap\u0131s\u0131n\u0131 ve g\u00fcvenlik \u00f6zelliklerini en ba\u015ftan do\u011fru bir \u015fekilde kurabilirler.<\/p><h4>Elektrik Sistemlerinin Yeniden Yap\u0131land\u0131r\u0131lmas\u0131<\/h4><p>CeyranIX'in profesyonel elektrik\u00e7ileri, hedeflerinizi maliyet etkin ve zaman\u0131nda ger\u00e7ekle\u015ftirmenizde fark yaratacakt\u0131r.<\/p><h4>G\u00f6mme Ayd\u0131nlatma<\/h4><p>G\u00f6mme ayd\u0131nlatma, dekoratif armat\u00fcrlerin do\u011frudan tavana, tavanla ayn\u0131 hizada yerle\u015ftirilmesini gerektirir. Tamamlanm\u0131\u015f bir evde de yap\u0131labilir, ancak en iyisi in\u015faat s\u0131ras\u0131nda yap\u0131lmakt\u0131r. CeyranIX'in profesyonel elektrik\u00e7ileri, hedeflerinizi maliyet etkin ve zaman\u0131nda ger\u00e7ekle\u015ftirmenizde fark yaratacakt\u0131r. Elektrik\u00e7i, mevcut sistemi korurken yeni sisteme \u015f\u0131kl\u0131k katacakt\u0131r. Ayr\u0131ca, tadilat t\u00fcm evin g\u00fcvenli\u011fini ve verimlili\u011fini sa\u011flayacakt\u0131r.<\/p><h2>T\u00fcm elektrik \u00e7\u00f6z\u00fcmlerinizi sa\u011flamak i\u00e7in buraday\u0131z.<\/h2><p>De\u011ferlerimiz her \u015feyden \u00f6nce gelir ve bunlar\u0131n yapt\u0131\u011f\u0131m\u0131z i\u015flere ve \u015firket olarak \u00e7al\u0131\u015fma \u015feklimize yans\u0131t\u0131lmas\u0131n\u0131 sa\u011flar\u0131z.<\/p><ul><li>S\u0131cak temas, anla\u015fma ve  s\u0131k\u0131\u015fma sonras\u0131 yat\u0131r\u0131mc\u0131 kay\u0131plar\u0131.<\/li><li>Kolay ula\u015f\u0131labilir do\u011frudan pazarlama kanal\u0131<\/li><li>Melek yat\u0131r\u0131mc\u0131lar\u0131n kay\u0131p oran\u0131n\u0131 azaltan i\u015f modeli<\/li><\/ul><p>K\u00fclt\u00fcr\u00fcm\u00fcz, m\u00fc\u015fterilerimiz, \u00e7al\u0131\u015fanlar\u0131m\u0131z ve toplulu\u011fumuzla g\u00fc\u00e7l\u00fc ili\u015fkiler kurmam\u0131z\u0131n temelini olu\u015fturur. CeyranIX, \u015firket k\u00fclt\u00fcr\u00fcm\u00fcz\u00fc yans\u0131tan bir\u00e7ok \u00f6nemli \u00f6d\u00fcl almaktan onur duymaktad\u0131r ve bu alanlarda m\u00fckemmelli\u011fe olan ba\u011fl\u0131l\u0131\u011f\u0131m\u0131z\u0131 s\u00fcrd\u00fcrmek i\u00e7in \u00e7aba g\u00f6stermektedir. G\u00fc\u00e7l\u00fc i\u015f ili\u015fkileri kurma ve m\u00fc\u015fterilerimizle ili\u015fkilerimizi geli\u015ftirme konusundaki kararl\u0131l\u0131\u011f\u0131m\u0131zla di\u011fer elektrik \u015firketlerinden ayr\u0131l\u0131yoruz. Bu ili\u015fkiler g\u00fcvenilirlik, g\u00fcven, g\u00fcvenli i\u015f ahlak\u0131 ve kaliteli i\u015f\u00e7ilik \u00fczerine kurulmu\u015ftur.<\/p>\t\t\t\t\t\t\t\t<\/div>\n\t\t\t\t\t<\/div>\n\t\t\t\t<\/div>\n\t\t\t\t<\/div>","protected":false},"excerpt":{"rendered":"Effective communication is the key to success for any business. From our office staff, to our field technicians, it is vital to us to always keep our clients up-to-date with the status of their project. Our policy at Live Wire is we handle every client with care, quality and trust. It is our goal to&#8230;","protected":false},"author":1,"featured_media":0,"parent":0,"menu_order":0,"comment_status":"closed","ping_status":"closed","template":"","meta":{"footnotes":""},"class_list":["post-2032","page","type-page","status-publish","hentry"],"_links":{"self":[{"href":"https:\/\/www.ceyranix.com\/tr\/wp-json\/wp\/v2\/pages\/2032","targetHints":{"allow":["GET"]}}],"collection":[{"href":"https:\/\/www.ceyranix.com\/tr\/wp-json\/wp\/v2\/pages"}],"about":[{"href":"https:\/\/www.ceyranix.com\/tr\/wp-json\/wp\/v2\/types\/page"}],"author":[{"embeddable":true,"href":"https:\/\/www.ceyranix.com\/tr\/wp-json\/wp\/v2\/users\/1"}],"replies":[{"embeddable":true,"href":"https:\/\/www.ceyranix.com\/tr\/wp-json\/wp\/v2\/comments?post=2032"}],"version-history":[{"count":12,"href":"https:\/\/www.ceyranix.com\/tr\/wp-json\/wp\/v2\/pages\/2032\/revisions"}],"predecessor-version":[{"id":2087,"href":"https:\/\/www.ceyranix.com\/tr\/wp-json\/wp\/v2\/pages\/2032\/revisions\/2087"}],"wp:attachment":[{"href":"https:\/\/www.ceyranix.com\/tr\/wp-json\/wp\/v2\/media?parent=2032"}],"curies":[{"name":"wp","href":"https:\/\/api.w.org\/{rel}","templated":true}]}}