{"id":2015,"date":"2026-02-06T14:34:53","date_gmt":"2026-02-06T11:34:53","guid":{"rendered":"https:\/\/www.ceyranix.com\/?page_id=2015"},"modified":"2026-02-10T19:08:11","modified_gmt":"2026-02-10T16:08:11","slug":"how-outside-lighting-can-transform-your-summer-garden","status":"publish","type":"page","link":"https:\/\/www.ceyranix.com\/tr\/how-outside-lighting-can-transform-your-summer-garden\/","title":{"rendered":"D\u0131\u015f Ayd\u0131nlatma Yaz Bah\u00e7enizi Nas\u0131l D\u00f6n\u00fc\u015ft\u00fcrebilir?"},"content":{"rendered":"<div data-elementor-type=\"wp-page\" data-elementor-id=\"2015\" class=\"elementor elementor-2015\" data-elementor-post-type=\"page\">\n\t\t\t\t<div class=\"elementor-element elementor-element-23ee671 e-flex e-con-boxed e-con e-parent\" data-id=\"23ee671\" data-element_type=\"container\" data-e-type=\"container\">\n\t\t\t\t\t<div class=\"e-con-inner\">\n\t\t\t\t<div class=\"elementor-element elementor-element-2641475 elementor-widget elementor-widget-text-editor\" data-id=\"2641475\" data-element_type=\"widget\" data-e-type=\"widget\" data-widget_type=\"text-editor.default\">\n\t\t\t\t\t\t\t\t\t<h4>\u00c7evik \u00e7er\u00e7evelerden yararlanarak \u00fcst d\u00fczey genel bak\u0131\u015flar i\u00e7in sa\u011flam bir \u00f6zet sunun. Kurumsal stratejiye y\u00f6nelik yinelemeli yakla\u015f\u0131mlar, genel de\u011fer \u00f6nerisini daha da ileriye ta\u015f\u0131mak i\u00e7in i\u015fbirli\u011fine dayal\u0131 d\u00fc\u015f\u00fcnceyi te\u015fvik eder. \u0130\u015fyerinde \u00e7e\u015fitlilik ve yetkilendirme yoluyla y\u0131k\u0131c\u0131 inovasyonun b\u00fct\u00fcnsel d\u00fcnya g\u00f6r\u00fc\u015f\u00fcn\u00fc organik olarak geli\u015ftirin.<\/h4><p>Even if you don&#8217;t plan to do electrical work yourself, it&#8217;s important to understand your home&#8217;s electrical capacity. At CeyranIX Electrical, we believe in providing our customers with the necessary information and resources to ensure electrical safety in their homes, in addition to offering exceptional electrical services throughout Turkey and the Istanbul region.<\/p><blockquote><p>\u201cMorse, sadece bir ressam olmas\u0131na ra\u011fmen elektrikle ilgili zorluklar\u0131 a\u015ft\u0131 ve ben de her \u015fey tamamlanana kadar pes etmeye niyetim yok.\u201d<\/p><\/blockquote><p>Evinizdeki elektrik kapasitesini anlamak karma\u015f\u0131k gelebilir, ancak asl\u0131nda olduk\u00e7a basit bir kavramd\u0131r. Ayn\u0131 zamanda \u00f6nemli bir g\u00fcvenlik fakt\u00f6r\u00fcd\u00fcr.<\/p><h3>Elektrik Yang\u0131nlar\u0131n\u0131 D\u00fc\u015f\u00fcn\u00fcn<\/h3><p>Modern cihazlar\u0131 \u00e7al\u0131\u015ft\u0131rmak ve panonuzu ve elektrik sisteminizi maksimum kapasitesinin \u00f6tesinde zorlamak, elektrik yang\u0131nlar\u0131n\u0131n iki yayg\u0131n nedenidir. Maksimum kapasiteye ula\u015ft\u0131\u011f\u0131n\u0131z\u0131n i\u015faretlerini g\u00f6rmezden gelip cihazlar\u0131n\u0131z\u0131 ve di\u011fer elektrikli \u00fcr\u00fcnlerinizi eskisi gibi kullanmaya devam ederseniz, eviniz risk alt\u0131nda olabilir.<\/p><h3>Ar\u0131zal\u0131 I\u015f\u0131k Anahtar\u0131<\/h3><p>Ayn\u0131 anahtar taraf\u0131ndan kontrol edilen belirli bir ampul veya ampul serisi s\u0131k s\u0131k titriyorsa, bu ar\u0131zal\u0131 bir \u0131\u015f\u0131k anahtar\u0131n\u0131n i\u015fareti olabilir. De\u011fi\u015ftirilmezse, anahtar a\u015f\u0131r\u0131 \u0131s\u0131nabilir ve elektrik yang\u0131n\u0131na neden olabilir, bu nedenle onar\u0131lana veya de\u011fi\u015ftirilene kadar ar\u0131zal\u0131 anahtar\u0131 kullanmay\u0131 derhal durdurun.<\/p><ul><li>Ayn\u0131 \u015falterine ba\u011fl\u0131 birden fazla cihaz.<\/li><li>B\u00fcy\u00fck ev aletleri kullan\u0131ld\u0131\u011f\u0131nda \u0131\u015f\u0131klar\u0131n titremesi ve kararmas\u0131.<\/li><li>200 amperden daha d\u00fc\u015f\u00fck bir de\u011fere sahip eski bir pano.<\/li><\/ul><p>100 amperlik bir pano temel elektrik ihtiya\u00e7lar\u0131 i\u00e7in yeterli olabilir, ancak maksimum verimlilik ve elektrik kapasitesi i\u00e7in en az 200 amperlik bir pano \u00f6neririz. 200 amperlik bir pano elektrik sistemlerinizin yeterli g\u00fcc\u00fc \u00e7ekmesini sa\u011flamakla kalmaz, ayn\u0131 zamanda daha d\u00fc\u015f\u00fck amperlik bir panonun yapaca\u011f\u0131 gibi, cihaz y\u00fckseltmeleri ve eklemeler konusunda sizi s\u0131n\u0131rlamaz.<\/p><p>Evinizin elektrik kapasitesi, her ev sahibinin bilmesi gereken bir konudur. G\u00fcvenlik endi\u015felerinden ev aletlerinin yenilenmesine kadar, evinizin ne kadar y\u00fck\u00fc kald\u0131rabilece\u011fini bilmek, bir ev sahibinin hayat\u0131nda \u00e7ok \u00f6nemli bir rol oynar. G\u00fcncellenmi\u015f bir elektrik panosunun neden bu kadar \u00f6nemli oldu\u011fu hakk\u0131nda daha fazla bilgi i\u00e7in elektrik panosu de\u011fi\u015ftirme hizmetlerimizi inceleyin. Evinizin ne kadar y\u00fck\u00fc kald\u0131rabilece\u011finden emin de\u011filseniz veya eviniz i\u00e7in b\u00fcy\u00fck bir proje planl\u0131yorsan\u0131z, Canl\u0131 Electrik ekibini bug\u00fcn arayarak elektrik denetimi ve bire bir dan\u0131\u015fmanl\u0131k randevusu al\u0131n.<\/p>\t\t\t\t\t\t\t\t<\/div>\n\t\t\t\t\t<\/div>\n\t\t\t\t<\/div>\n\t\t\t\t<\/div>","protected":false},"excerpt":{"rendered":"Leverage agile frameworks to provide a robust synopsis for high level overviews. Iterative approaches to corporate strategy foster collaborative thinking to further the overall value proposition. Organically grow the holistic world view of disruptive innovation via workplace diversity and empowerment. Even if you don&#8217;t plan to do electrical work yourself, it&#8217;s important to understand your&#8230;","protected":false},"author":1,"featured_media":0,"parent":0,"menu_order":0,"comment_status":"closed","ping_status":"closed","template":"","meta":{"footnotes":""},"class_list":["post-2015","page","type-page","status-publish","hentry"],"_links":{"self":[{"href":"https:\/\/www.ceyranix.com\/tr\/wp-json\/wp\/v2\/pages\/2015","targetHints":{"allow":["GET"]}}],"collection":[{"href":"https:\/\/www.ceyranix.com\/tr\/wp-json\/wp\/v2\/pages"}],"about":[{"href":"https:\/\/www.ceyranix.com\/tr\/wp-json\/wp\/v2\/types\/page"}],"author":[{"embeddable":true,"href":"https:\/\/www.ceyranix.com\/tr\/wp-json\/wp\/v2\/users\/1"}],"replies":[{"embeddable":true,"href":"https:\/\/www.ceyranix.com\/tr\/wp-json\/wp\/v2\/comments?post=2015"}],"version-history":[{"count":16,"href":"https:\/\/www.ceyranix.com\/tr\/wp-json\/wp\/v2\/pages\/2015\/revisions"}],"predecessor-version":[{"id":2232,"href":"https:\/\/www.ceyranix.com\/tr\/wp-json\/wp\/v2\/pages\/2015\/revisions\/2232"}],"wp:attachment":[{"href":"https:\/\/www.ceyranix.com\/tr\/wp-json\/wp\/v2\/media?parent=2015"}],"curies":[{"name":"wp","href":"https:\/\/api.w.org\/{rel}","templated":true}]}}