{"id":1096,"date":"2019-05-01T11:37:50","date_gmt":"2019-05-01T11:37:50","guid":{"rendered":"https:\/\/victorthemes.com\/themes\/windfall\/?page_id=1096"},"modified":"2019-05-01T11:37:50","modified_gmt":"2019-05-01T11:37:50","slug":"estimation-calculator","status":"publish","type":"page","link":"https:\/\/www.ceyranix.com\/tr\/estimation-calculator\/","title":{"rendered":"Tahmin Hesaplay\u0131c\u0131"},"content":{"rendered":"<div data-elementor-type=\"wp-post\" data-elementor-id=\"1096\" class=\"elementor elementor-1096\" data-elementor-post-type=\"page\">\n\t\t\t\t\t\t<section class=\"elementor-section elementor-top-section elementor-element elementor-element-7605029 elementor-section-boxed elementor-section-height-default elementor-section-height-default\" data-id=\"7605029\" data-element_type=\"section\" data-e-type=\"section\">\n\t\t\t\t\t\t<div class=\"elementor-container elementor-column-gap-default\">\n\t\t\t\t\t<div class=\"elementor-column elementor-col-100 elementor-top-column elementor-element elementor-element-de2d09d\" data-id=\"de2d09d\" data-element_type=\"column\" data-e-type=\"column\">\n\t\t\t<div class=\"elementor-widget-wrap elementor-element-populated\">\n\t\t\t\t\t\t<div class=\"elementor-element elementor-element-12de5f7 elementor-widget elementor-widget-vt-windfall_contact_form\" data-id=\"12de5f7\" data-element_type=\"widget\" data-e-type=\"widget\" data-widget_type=\"vt-windfall_contact_form.default\">\n\t\t\t\t<div class=\"elementor-widget-container\">\n\t\t\t\t\t<div class=\"wndfal-contact-form wndfal-form wndfal-cntat-form\"><h3 class=\"appointment-title\">Tahmininizi Al\u0131n<\/h3>\n<div class=\"wpcf7 no-js\" id=\"wpcf7-f1080-o1\" lang=\"en-US\" dir=\"ltr\" data-wpcf7-id=\"1080\">\n<div class=\"screen-reader-response\"><p role=\"status\" aria-live=\"polite\" aria-atomic=\"true\"><\/p> <ul><\/ul><\/div>\n<form action=\"\/tr\/wp-json\/wp\/v2\/pages\/1096#wpcf7-f1080-o1\" method=\"post\" class=\"wpcf7-form init\" aria-label=\"Contact form\" novalidate=\"novalidate\" data-status=\"init\" data-trp-original-action=\"\/tr\/wp-json\/wp\/v2\/pages\/1096#wpcf7-f1080-o1\">\n<fieldset class=\"hidden-fields-container\"><input type=\"hidden\" name=\"_wpcf7\" value=\"1080\" \/><input type=\"hidden\" name=\"_wpcf7_version\" value=\"6.1.5\" \/><input type=\"hidden\" name=\"_wpcf7_locale\" value=\"en_US\" \/><input type=\"hidden\" name=\"_wpcf7_unit_tag\" value=\"wpcf7-f1080-o1\" \/><input type=\"hidden\" name=\"_wpcf7_container_post\" value=\"0\" \/><input type=\"hidden\" name=\"_wpcf7_posted_data_hash\" value=\"\" \/>\n<\/fieldset>\n<div class=\"wndfal-esti-form\">\n\t<div class=\"estimation-item\">\n\t\t<div class=\"row\">\n\t\t\t<div class=\"col-md-4\">\n\t\t\t\t<div class=\"estimation-title\">\n\t\t\t\t\t<p>Metrekarede kapsanacak alan\n\t\t\t\t\t<\/p>\n\t\t\t\t<\/div>\n\t\t\t\t<div class=\"square-slider\">\n\t\t\t\t\t<p><span class=\"wpcf7-form-control-wrap\" data-name=\"sqare-feet-range\"><input class=\"wpcf7-form-control wpcf7-range wpcf7-validates-as-required wpcf7-validates-as-number\" min=\"0\" max=\"300\" step=\"1\" aria-required=\"true\" aria-invalid=\"false\" value=\"50\" type=\"range\" name=\"sqare-feet-range\" \/><\/span><span class=\"wpcf7-form-control-wrap\" data-name=\"square-value\"><input size=\"40\" maxlength=\"400\" class=\"wpcf7-form-control wpcf7-text\" aria-invalid=\"false\" value=\"50\" type=\"text\" name=\"square-value\" \/><\/span>\n\t\t\t\t\t<\/p>\n\t\t\t\t<\/div>\n\t\t\t<\/div>\n\t\t\t<div class=\"col-md-4\">\n\t\t\t\t<div class=\"estimation-title\">\n\t\t\t\t\t<p>Bina Ka\u00e7 Katl\u0131\n\t\t\t\t\t<\/p>\n\t\t\t\t<\/div>\n\t\t\t\t<p><span class=\"wpcf7-form-control-wrap\" data-name=\"number-floors\"><select class=\"wpcf7-form-control wpcf7-select\" aria-invalid=\"false\" name=\"number-floors\"><option value=\"\">&#8212;Please choose an option&#8212;<\/option><option value=\"1\">1<\/option><option value=\"2\">2<\/option><option value=\"3\">3<\/option><option value=\"4\">4<\/option><option value=\"5 stories and above\">5 kat ve \u00fczeri<\/option><\/select><\/span>\n\t\t\t\t<\/p>\n\t\t\t<\/div>\n\t\t\t<div class=\"col-md-4\">\n\t\t\t\t<div class=\"estimation-title\">\n\t\t\t\t\t<p>Ka\u00e7 Oda Var\n\t\t\t\t\t<\/p>\n\t\t\t\t<\/div>\n\t\t\t\t<p><span class=\"wpcf7-form-control-wrap\" data-name=\"number-rooms\"><select class=\"wpcf7-form-control wpcf7-select\" aria-invalid=\"false\" name=\"number-rooms\"><option value=\"\">&#8212;Please choose an option&#8212;<\/option><option value=\"1\">1<\/option><option value=\"2\">2<\/option><option value=\"3\">3<\/option><option value=\"4\">4<\/option><option value=\"5\">5<\/option><option value=\"6\">6<\/option><option value=\"7\">7<\/option><option value=\"8\">8<\/option><option value=\"9\">9<\/option><option value=\"10\">10<\/option><option value=\"1+1 home\">1+1 home<\/option><option value=\"2+1 home\">2+1 home<\/option><option value=\"3+1 home\">3+1 home<\/option><option value=\"4+1 home\">4+1 home<\/option><\/select><\/span>\n\t\t\t\t<\/p>\n\t\t\t<\/div>\n\t\t\t<div class=\"col-md-4\">\n\t\t\t\t<div class=\"estimation-title\">\n\t\t\t\t\t<p>Ka\u00e7 adet priz var\n\t\t\t\t\t<\/p>\n\t\t\t\t<\/div>\n\t\t\t\t<p><span class=\"wpcf7-form-control-wrap\" data-name=\"number-Socket\"><select class=\"wpcf7-form-control wpcf7-select\" aria-invalid=\"false\" name=\"number-Socket\"><option value=\"\">&#8212;Please choose an option&#8212;<\/option><option value=\"1\">1<\/option><option value=\"2\">2<\/option><option value=\"3\">3<\/option><option value=\"4\">4<\/option><option value=\"5\">5<\/option><option value=\"6\">6<\/option><option value=\"7\">7<\/option><option value=\"8\">8<\/option><option value=\"9\">9<\/option><option value=\"10\">10<\/option><option value=\"10 or more\">10 veya daha fazla<\/option><\/select><\/span>\n\t\t\t\t<\/p>\n\t\t\t<\/div>\n\t\t\t<div class=\"col-md-4\">\n\t\t\t\t<div class=\"estimation-title\">\n\t\t\t\t\t<p>Ka\u00e7 adet Anahtar Var\n\t\t\t\t\t<\/p>\n\t\t\t\t<\/div>\n\t\t\t\t<p><span class=\"wpcf7-form-control-wrap\" data-name=\"number-Light-Switch\"><select class=\"wpcf7-form-control wpcf7-select\" aria-invalid=\"false\" name=\"number-Light-Switch\"><option value=\"\">&#8212;Please choose an option&#8212;<\/option><option value=\"1\">1<\/option><option value=\"2\">2<\/option><option value=\"3\">3<\/option><option value=\"4\">4<\/option><option value=\"5\">5<\/option><option value=\"6\">6<\/option><option value=\"7\">7<\/option><option value=\"8\">8<\/option><option value=\"9\">9<\/option><option value=\"10\">10<\/option><option value=\"10 or more\">10 veya daha fazla<\/option><\/select><\/span>\n\t\t\t\t<\/p>\n\t\t\t<\/div>\n\t\t\t<div class=\"col-md-4\">\n\t\t\t\t<div class=\"estimation-title\">\n\t\t\t\t\t<p>Tel-RC45-TV soketleri toplam\u0131\n\t\t\t\t\t<\/p>\n\t\t\t\t<\/div>\n\t\t\t\t<p><span class=\"wpcf7-form-control-wrap\" data-name=\"number-Network-Switch\"><select class=\"wpcf7-form-control wpcf7-select\" aria-invalid=\"false\" name=\"number-Network-Switch\"><option value=\"\">&#8212;Please choose an option&#8212;<\/option><option value=\"1\">1<\/option><option value=\"2\">2<\/option><option value=\"3\">3<\/option><option value=\"4\">4<\/option><option value=\"5\">5<\/option><option value=\"6\">6<\/option><option value=\"7\">7<\/option><option value=\"8\">8<\/option><option value=\"9\">9<\/option><option value=\"10\">10<\/option><option value=\"10 or more\">10 veya daha fazla<\/option><\/select><\/span>\n\t\t\t\t<\/p>\n\t\t\t<\/div>\n\t\t<\/div>\n\t<\/div>\n\t<div class=\"estimation-item\">\n\t\t<div class=\"row\">\n\t\t\t<div class=\"col-md-4\">\n\t\t\t\t<div class=\"estimation-title\">\n\t\t\t\t\t<p>Pano \u0130\u00e7i Sigorta Say\u0131s\u0131\n\t\t\t\t\t<\/p>\n\t\t\t\t<\/div>\n\t\t\t\t<p><span class=\"wpcf7-form-control-wrap\" data-name=\"number-Panel-Fuse\"><select class=\"wpcf7-form-control wpcf7-select\" aria-invalid=\"false\" name=\"number-Panel-Fuse\"><option value=\"\">&#8212;Please choose an option&#8212;<\/option><option value=\"1\">1<\/option><option value=\"2\">2<\/option><option value=\"3\">3<\/option><option value=\"4\">4<\/option><option value=\"5\">5<\/option><option value=\"6\">6<\/option><option value=\"7\">7<\/option><option value=\"8\">8<\/option><option value=\"9\">9<\/option><option value=\"10\">10<\/option><option value=\"11\">11<\/option><option value=\"12\">12<\/option><option value=\"13\">13<\/option><option value=\"14\">14<\/option><option value=\"15\">15<\/option><option value=\"16\">16<\/option><option value=\"17\">17<\/option><option value=\"18\">18<\/option><option value=\"19\">19<\/option><option value=\"20\">20<\/option><option value=\"21\">21<\/option><option value=\"22\">22<\/option><\/select><\/span>\n\t\t\t\t<\/p>\n\t\t\t<\/div>\n\t\t\t<div class=\"col-md-4\">\n\t\t\t\t<div class=\"estimation-title\">\n\t\t\t\t\t<p>Bina T\u00fcr\u00fc\n\t\t\t\t\t<\/p>\n\t\t\t\t<\/div>\n\t\t\t\t<p><span class=\"wpcf7-form-control-wrap\" data-name=\"type-building\"><select class=\"wpcf7-form-control wpcf7-select\" aria-invalid=\"false\" name=\"type-building\"><option value=\"\">&#8212;Please choose an option&#8212;<\/option><option value=\"Commercial\">Ticari<\/option><option value=\"Industrial\">End\u00fcstriyel<\/option><option value=\"Residential\">Konut<\/option><\/select><\/span>\n\t\t\t\t<\/p>\n\t\t\t<\/div>\n\t\t\t<div class=\"col-md-4\">\n\t\t\t\t<div class=\"estimation-title\">\n\t\t\t\t\t<p>Yap\u0131lmas\u0131n\u0131 istedi\u011finiz \u0130\u015f T\u00fcr\u00fc\n\t\t\t\t\t<\/p>\n\t\t\t\t<\/div>\n\t\t\t\t<p><span class=\"wpcf7-form-control-wrap\" data-name=\"choose-work\"><select class=\"wpcf7-form-control wpcf7-select\" aria-invalid=\"false\" name=\"choose-work\"><option value=\"\">&#8212;Please choose an option&#8212;<\/option><option value=\"Electrical\">Elektrik<\/option><option value=\"Plumbing\">S\u0131hhi Tesisat<\/option><option value=\"Voltage Maintenance\">Bak\u0131m ve onar\u0131m<\/option><option value=\"Elevator\">Asans\u00f6r<\/option><option value=\"Heavy Equipment Engineering\">A\u011f\u0131r Ekipman M\u00fchendisli\u011fi<\/option><option value=\"Installation\">Tesisat<\/option><option value=\"Inspection &amp; Testing\">Inspection &amp; Testing<\/option><\/select><\/span>\n\t\t\t\t<\/p>\n\t\t\t<\/div>\n\t\t<\/div>\n\t<\/div>\n\t<div class=\"estimation-item service\">\n\t\t<div class=\"estimation-title\">\n\t\t\t<p>Teknik Hizmet \u0130ste\u011finiz\n\t\t\t<\/p>\n\t\t<\/div>\n\t\t<p><span class=\"wpcf7-form-control-wrap\" data-name=\"select-service\"><span class=\"wpcf7-form-control wpcf7-checkbox\"><span class=\"wpcf7-list-item first\"><label><input type=\"checkbox\" name=\"select-service[]\" value=\"Electrical Installation\" \/><span class=\"wpcf7-list-item-label\">Koridor Tesisatlar\u0131<\/span><\/label><\/span><span class=\"wpcf7-list-item\"><label><input type=\"checkbox\" name=\"select-service[]\" value=\"Maintenance\" \/><span class=\"wpcf7-list-item-label\">Bak\u0131m ve onar\u0131m<\/span><\/label><\/span><span class=\"wpcf7-list-item\"><label><input type=\"checkbox\" name=\"select-service[]\" value=\"Security System\" \/><span class=\"wpcf7-list-item-label\">G\u00fcvenlik Sistemleri<\/span><\/label><\/span><span class=\"wpcf7-list-item\"><label><input type=\"checkbox\" name=\"select-service[]\" value=\"Lighting Design\" \/><span class=\"wpcf7-list-item-label\">Ayd\u0131nlatma Tasar\u0131m\u0131<\/span><\/label><\/span><span class=\"wpcf7-list-item\"><label><input type=\"checkbox\" name=\"select-service[]\" value=\"Panel Upgrades\" \/><span class=\"wpcf7-list-item-label\">Pano Revizyonlar\u0131<\/span><\/label><\/span><span class=\"wpcf7-list-item\"><label><input type=\"checkbox\" name=\"select-service[]\" value=\"AC Repair\" \/><span class=\"wpcf7-list-item-label\">AC \u015eebeke Onar\u0131m\u0131<\/span><\/label><\/span><span class=\"wpcf7-list-item\"><label><input type=\"checkbox\" name=\"select-service[]\" value=\"LED Electricals\" \/><span class=\"wpcf7-list-item-label\">LED Elektrik<\/span><\/label><\/span><span class=\"wpcf7-list-item\"><label><input type=\"checkbox\" name=\"select-service[]\" value=\"Safety Program\" \/><span class=\"wpcf7-list-item-label\">G\u00fcvenlik Sistemleri<\/span><\/label><\/span><span class=\"wpcf7-list-item\"><label><input type=\"checkbox\" name=\"select-service[]\" value=\"Solar System\" \/><span class=\"wpcf7-list-item-label\">GES Sistemleri<\/span><\/label><\/span><span class=\"wpcf7-list-item\"><label><input type=\"checkbox\" name=\"select-service[]\" value=\"Pipe Fitting\" \/><span class=\"wpcf7-list-item-label\">S\u0131hhi Tesisat<\/span><\/label><\/span><span class=\"wpcf7-list-item\"><label><input type=\"checkbox\" name=\"select-service[]\" value=\"Wiring Upgrades\" \/><span class=\"wpcf7-list-item-label\">Kablolama Tesisat\u0131<\/span><\/label><\/span><span class=\"wpcf7-list-item\"><label><input type=\"checkbox\" name=\"select-service[]\" value=\"Network Systems\" \/><span class=\"wpcf7-list-item-label\">A\u011f Sistemleri<\/span><\/label><\/span><span class=\"wpcf7-list-item\"><label><input type=\"checkbox\" name=\"select-service[]\" value=\"Satellite System\" \/><span class=\"wpcf7-list-item-label\">Uydu Sistemi<\/span><\/label><\/span><span class=\"wpcf7-list-item\"><label><input type=\"checkbox\" name=\"select-service[]\" value=\"Terrestrial Antenna\" \/><span class=\"wpcf7-list-item-label\">Karasal Anten<\/span><\/label><\/span><span class=\"wpcf7-list-item\"><label><input type=\"checkbox\" name=\"select-service[]\" value=\"Outdoor Lighting\" \/><span class=\"wpcf7-list-item-label\">D\u0131\u015f Ayd\u0131nlatma<\/span><\/label><\/span><span class=\"wpcf7-list-item\"><label><input type=\"checkbox\" name=\"select-service[]\" value=\"Indoor Lighting\" \/><span class=\"wpcf7-list-item-label\">\u0130\u00e7 Ayd\u0131nlatma<\/span><\/label><\/span><span class=\"wpcf7-list-item\"><label><input type=\"checkbox\" name=\"select-service[]\" value=\"Full Renovation\" \/><span class=\"wpcf7-list-item-label\">Tam Renovasyon<\/span><\/label><\/span><span class=\"wpcf7-list-item\"><label><input type=\"checkbox\" name=\"select-service[]\" value=\"Rooms Only\" \/><span class=\"wpcf7-list-item-label\">Sadece Odalar<\/span><\/label><\/span><span class=\"wpcf7-list-item\"><label><input type=\"checkbox\" name=\"select-service[]\" value=\"Kitchen Only\" \/><span class=\"wpcf7-list-item-label\">Sadece Mutfak<\/span><\/label><\/span><span class=\"wpcf7-list-item last\"><label><input type=\"checkbox\" name=\"select-service[]\" value=\"Wet Volumes Only\" \/><span class=\"wpcf7-list-item-label\">Sadece Islak Hacimler<\/span><\/label><\/span><\/span><\/span>\n\t\t<\/p>\n\t<\/div>\n\t<div class=\"estimation-item last-item\">\n\t\t<div class=\"row\">\n\t\t\t<div class=\"col-md-12\">\n\t\t\t\t<div class=\"estimation-title\">\n\t\t\t\t\t<p>\u0130leti\u015fim Bilgileri\n\t\t\t\t\t<\/p>\n\t\t\t\t<\/div>\n\t\t\t\t<div class=\"row\">\n\t\t\t\t\t<div class=\"col-md-4\">\n\t\t\t\t\t\t<p><span class=\"wpcf7-form-control-wrap\" data-name=\"your-name\"><input size=\"40\" maxlength=\"400\" class=\"wpcf7-form-control wpcf7-text wpcf7-validates-as-required\" aria-required=\"true\" aria-invalid=\"false\" placeholder=\"Ad\u0131n\u0131z\" value=\"\" type=\"text\" name=\"your-name\" \/><\/span>\n\t\t\t\t\t\t<\/p>\n\t\t\t\t\t<\/div>\n\t\t\t\t\t<div class=\"col-md-4\">\n\t\t\t\t\t\t<p><span class=\"wpcf7-form-control-wrap\" data-name=\"your-tel\"><input size=\"40\" maxlength=\"400\" class=\"wpcf7-form-control wpcf7-tel wpcf7-validates-as-required wpcf7-text wpcf7-validates-as-tel\" aria-required=\"true\" aria-invalid=\"false\" placeholder=\"Telefon No\" value=\"\" type=\"tel\" name=\"your-tel\" \/><\/span>\n\t\t\t\t\t\t<\/p>\n\t\t\t\t\t<\/div>\n\t\t\t\t\t<div class=\"col-md-4\">\n\t\t\t\t\t\t<p><span class=\"wpcf7-form-control-wrap\" data-name=\"your-email\"><input size=\"40\" maxlength=\"400\" class=\"wpcf7-form-control wpcf7-email wpcf7-validates-as-required wpcf7-text wpcf7-validates-as-email\" aria-required=\"true\" aria-invalid=\"false\" placeholder=\"E-posta:\" value=\"\" type=\"email\" name=\"your-email\" \/><\/span>\n\t\t\t\t\t\t<\/p>\n\t\t\t\t\t<\/div>\n\t\t\t\t\t<div class=\"col-md-12\">\n\t\t\t\t\t\t<p><span class=\"wpcf7-form-control-wrap\" data-name=\"your-details\"><textarea cols=\"40\" rows=\"10\" maxlength=\"2000\" class=\"wpcf7-form-control wpcf7-textarea wpcf7-validates-as-required\" aria-required=\"true\" aria-invalid=\"false\" placeholder=\"Ayr\u0131nt\u0131lar\" name=\"your-details\"><\/textarea><\/span>\n\t\t\t\t\t\t<\/p>\n\t\t\t\t\t<\/div>\n\t\t\t\t\t<div class=\"col-md-12\">\n\t\t\t\t\t\t<p><input class=\"wpcf7-form-control wpcf7-submit has-spinner button-primary\" type=\"submit\" value=\"\u015eimdi G\u00f6nder\" \/>\n\t\t\t\t\t\t<\/p>\n\t\t\t\t\t<\/div>\n\t\t\t\t<\/div>\n\t\t\t<\/div>\n\t\t<\/div>\n\t<\/div>\n<\/div><p style=\"display: none !important;\" class=\"akismet-fields-container\" data-prefix=\"_wpcf7_ak_\"><label>\u0394<textarea name=\"_wpcf7_ak_hp_textarea\" cols=\"45\" rows=\"8\" maxlength=\"100\"><\/textarea><\/label><input type=\"hidden\" id=\"ak_js_1\" name=\"_wpcf7_ak_js\" value=\"38\"\/><script>document.getElementById( \"ak_js_1\" ).setAttribute( \"value\", ( new Date() ).getTime() );<\/script><\/p><div class=\"wpcf7-response-output\" aria-hidden=\"true\"><\/div>\n<input type=\"hidden\" name=\"trp-form-language\" value=\"tr\"\/><\/form>\n<\/div>\n<\/div>\t\t\t\t<\/div>\n\t\t\t\t<\/div>\n\t\t\t\t\t<\/div>\n\t\t<\/div>\n\t\t\t\t\t<\/div>\n\t\t<\/section>\n\t\t\t\t<\/div>","protected":false},"excerpt":{"rendered":"Get Your Estimation Area to be Renovated in Square Feet Number of Rooms Choose12345678910 Number of Store Choose12345678910 Type of Work ChooseConcrete FrameSteel Frame StructuresLight Gauge SteelWood Framed ConstructionPre Engineered ConstructionBearing Masonry Construction Choose Services ChooseCarpentryCarpetElectricalsVoltage MaintenanceElevatorHeavy Equipment EngineeringInsulationIron WorksPaintingPlumbing Select Service Needed DesignPlanningArchitect3D DesignConstructionGardeningParkingLED ElectricalsSafety ProgramSolar System Contact Details","protected":false},"author":1,"featured_media":0,"parent":0,"menu_order":0,"comment_status":"closed","ping_status":"closed","template":"","meta":{"footnotes":""},"class_list":["post-1096","page","type-page","status-publish","hentry"],"_links":{"self":[{"href":"https:\/\/www.ceyranix.com\/tr\/wp-json\/wp\/v2\/pages\/1096","targetHints":{"allow":["GET"]}}],"collection":[{"href":"https:\/\/www.ceyranix.com\/tr\/wp-json\/wp\/v2\/pages"}],"about":[{"href":"https:\/\/www.ceyranix.com\/tr\/wp-json\/wp\/v2\/types\/page"}],"author":[{"embeddable":true,"href":"https:\/\/www.ceyranix.com\/tr\/wp-json\/wp\/v2\/users\/1"}],"replies":[{"embeddable":true,"href":"https:\/\/www.ceyranix.com\/tr\/wp-json\/wp\/v2\/comments?post=1096"}],"version-history":[{"count":0,"href":"https:\/\/www.ceyranix.com\/tr\/wp-json\/wp\/v2\/pages\/1096\/revisions"}],"wp:attachment":[{"href":"https:\/\/www.ceyranix.com\/tr\/wp-json\/wp\/v2\/media?parent=1096"}],"curies":[{"name":"wp","href":"https:\/\/api.w.org\/{rel}","templated":true}]}}