{"id":1077,"date":"2019-05-01T09:37:24","date_gmt":"2019-05-01T09:37:24","guid":{"rendered":"https:\/\/victorthemes.com\/themes\/windfall\/?page_id=1077"},"modified":"2026-02-07T12:59:34","modified_gmt":"2026-02-07T09:59:34","slug":"special-offer","status":"publish","type":"page","link":"https:\/\/www.ceyranix.com\/tr\/special-offer\/","title":{"rendered":"\u00d6zel Teklif"},"content":{"rendered":"<div data-elementor-type=\"wp-post\" data-elementor-id=\"1077\" class=\"elementor elementor-1077\" data-elementor-post-type=\"page\">\n\t\t\t\t\t\t<section class=\"elementor-section elementor-top-section elementor-element elementor-element-f8af11e elementor-section-stretched elementor-section-boxed elementor-section-height-default elementor-section-height-default\" data-id=\"f8af11e\" data-element_type=\"section\" data-e-type=\"section\" data-settings=\"{&quot;stretch_section&quot;:&quot;section-stretched&quot;,&quot;background_background&quot;:&quot;classic&quot;}\">\n\t\t\t\t\t\t<div class=\"elementor-container elementor-column-gap-default\">\n\t\t\t\t\t<div class=\"elementor-column elementor-col-100 elementor-top-column elementor-element elementor-element-f1b8438\" data-id=\"f1b8438\" data-element_type=\"column\" data-e-type=\"column\">\n\t\t\t<div class=\"elementor-widget-wrap elementor-element-populated\">\n\t\t\t\t\t\t<div class=\"elementor-element elementor-element-c4052b9 elementor-widget elementor-widget-vt-windfall_special_offer\" data-id=\"c4052b9\" data-element_type=\"widget\" data-e-type=\"widget\" data-settings=\"{&quot;offer_image&quot;:{&quot;url&quot;:&quot;https:\\\/\\\/res.cloudinary.com\\\/dw1q3arvc\\\/images\\\/v1770457493\\\/home21\\\/home21.png?_i=AA&quot;,&quot;id&quot;:1588,&quot;size&quot;:&quot;&quot;,&quot;alt&quot;:&quot;&quot;,&quot;source&quot;:&quot;library&quot;},&quot;select_icon&quot;:&quot;fa fa-star&quot;}\" data-widget_type=\"vt-windfall_special_offer.default\">\n\t\t\t\t<div class=\"elementor-widget-container\">\n\t\t\t\t\t<div class=\"wndfal-special-offer\">\r\n\t\t\t\t\t\t\t  <div class=\"container\">\r\n\t\t\t\t\t\t\t    <div class=\"row\">\r\n\t\t\t\t\t\t\t      <div class=\"wndfal-offer-image\">\r\n\t\t\t\t\t\t\t        <div class=\"wndfal-image\"><img decoding=\"async\" src=\"https:\/\/www.ceyranix.com\/wp-content\/uploads\/2026\/01\/home21-585x434.png\" alt=\"\"><\/div><div class=\"offer-discount\"><span class=\"discnt-percent\">-10%<\/span><span class=\"discnt-text\">Indirim<\/span><\/div>\r\n\t\t\t\t\t\t\t      <\/div>\r\n\t\t\t\t\t\t\t      <div class=\"wndfal-offer-content\">\r\n\t\t\t\t\t\t\t        <span class=\"offer-tag\"><i class=\"fa fa-star\"><\/i>Tavsiye edilen<\/span><h3 class=\"wndfal-offer-title\"><a href=\"#0\" > Elektrik Tesisatlar\u0131n\u0131n Yenilenmesi<\/a><\/h3><p>Projeniz i\u00e7in gerekli denetimleri yapmak \u00fczere m\u00fclk\u00fcn\u00fcz\u00fc veya tesisinizi ziyaret edece\u011fiz. Talep edilen yenileme projesinin onaylanmas\u0131n\u0131n ard\u0131ndan, belirtilen zaman dilimi i\u00e7inde \u00e7al\u0131\u015fmaya ba\u015flamay\u0131 hedefliyoruz. (20 g\u00fcn)<\/p>\r\n\t\t\t\t\t\t\t        <div class=\"wndfal-offer-price\">\r\n\t\t\t\t\t\t\t          <del>$1600.00<\/del><ins>Sadece 1440 $ i\u015f\u00e7ilik<\/ins>\r\n\t\t\t\t\t\t\t        <\/div>\r\n\t\t\t\t\t\t\t        <div class=\"wndfal-btns-group\"><a href=\"\/tr\/cix\/estimation-calculator\/\" target=\"_blank\" rel=\"nofollow\" class=\"wndfal-btn\"><span class=\"btn-text-wrap\"><span class=\"btn-text\">\u00dccretsiz Fiyat Teklifi Al\u0131n<\/span><\/span><\/a><\/div>\r\n\t\t\t\t\t\t\t      <\/div>\r\n\t\t\t\t\t\t\t    <\/div>\r\n\t\t\t\t\t\t\t  <\/div>\r\n\t\t\t\t\t\t\t<\/div>\t\t\t\t<\/div>\n\t\t\t\t<\/div>\n\t\t\t\t\t<\/div>\n\t\t<\/div>\n\t\t\t\t\t<\/div>\n\t\t<\/section>\n\t\t\t\t<section class=\"elementor-section elementor-top-section elementor-element elementor-element-99bdb14 elementor-section-stretched elementor-section-boxed elementor-section-height-default elementor-section-height-default\" data-id=\"99bdb14\" data-element_type=\"section\" data-e-type=\"section\" data-settings=\"{&quot;stretch_section&quot;:&quot;section-stretched&quot;,&quot;background_background&quot;:&quot;classic&quot;}\">\n\t\t\t\t\t\t<div class=\"elementor-container elementor-column-gap-default\">\n\t\t\t\t\t<div class=\"elementor-column elementor-col-100 elementor-top-column elementor-element elementor-element-437ef91\" data-id=\"437ef91\" data-element_type=\"column\" data-e-type=\"column\">\n\t\t\t<div class=\"elementor-widget-wrap elementor-element-populated\">\n\t\t\t\t\t\t<div class=\"elementor-element elementor-element-eb8d366 elementor-widget elementor-widget-vt-windfall_special_offer\" data-id=\"eb8d366\" data-element_type=\"widget\" data-e-type=\"widget\" data-settings=\"{&quot;offer_image&quot;:{&quot;url&quot;:&quot;https:\\\/\\\/www.ceyranix.com\\\/wp-content\\\/uploads\\\/commer.png&quot;,&quot;id&quot;:2137,&quot;size&quot;:&quot;&quot;,&quot;alt&quot;:&quot;&quot;,&quot;source&quot;:&quot;library&quot;},&quot;select_icon&quot;:&quot;fa fa-star&quot;}\" data-widget_type=\"vt-windfall_special_offer.default\">\n\t\t\t\t<div class=\"elementor-widget-container\">\n\t\t\t\t\t<div class=\"wndfal-special-offer\">\r\n\t\t\t\t\t\t\t  <div class=\"container\">\r\n\t\t\t\t\t\t\t    <div class=\"row\">\r\n\t\t\t\t\t\t\t      <div class=\"wndfal-offer-image\">\r\n\t\t\t\t\t\t\t        <div class=\"wndfal-image\"><img decoding=\"async\" src=\"https:\/\/www.ceyranix.com\/wp-content\/uploads\/commer-585x434.png\" alt=\"\"><\/div><div class=\"offer-discount\"><span class=\"discnt-percent\">-5%<\/span><span class=\"discnt-text\">Indirim<\/span><\/div>\r\n\t\t\t\t\t\t\t      <\/div>\r\n\t\t\t\t\t\t\t      <div class=\"wndfal-offer-content\">\r\n\t\t\t\t\t\t\t        <span class=\"offer-tag\"><i class=\"fa fa-star\"><\/i>Tavsiye edilen<\/span><h3 class=\"wndfal-offer-title\"><a href=\"#0\" >Ticari bir bina i\u00e7in yenileme \u00e7al\u0131\u015fmalar\u0131, <\/a><\/h3><p>250m\u00b2 iki katl\u0131 ticari binada yenileme \u00e7al\u0131\u015fmas\u0131, sadece 4 profesyonel personelle 40 g\u00fcnl\u00fck emek.<\/p>\r\n\t\t\t\t\t\t\t        <div class=\"wndfal-offer-price\">\r\n\t\t\t\t\t\t\t          <del>$8.900.00<\/del><ins>Sadece 8.455,00 $ i\u015f\u00e7ilik<\/ins>\r\n\t\t\t\t\t\t\t        <\/div>\r\n\t\t\t\t\t\t\t        <div class=\"wndfal-btns-group\"><a href=\"\/tr\/cix\/estimation-calculator\/\" target=\"_blank\" rel=\"nofollow\" class=\"wndfal-btn\"><span class=\"btn-text-wrap\"><span class=\"btn-text\">\u00dccretsiz Fiyat Teklifi Al\u0131n<\/span><\/span><\/a><\/div>\r\n\t\t\t\t\t\t\t      <\/div>\r\n\t\t\t\t\t\t\t    <\/div>\r\n\t\t\t\t\t\t\t  <\/div>\r\n\t\t\t\t\t\t\t<\/div>\t\t\t\t<\/div>\n\t\t\t\t<\/div>\n\t\t\t\t<div class=\"elementor-element elementor-element-6bf3847 elementor-widget elementor-widget-vt-windfall_special_offer\" data-id=\"6bf3847\" data-element_type=\"widget\" data-e-type=\"widget\" data-settings=\"{&quot;offer_image&quot;:{&quot;url&quot;:&quot;https:\\\/\\\/res.cloudinary.com\\\/dw1q3arvc\\\/images\\\/v1770457481\\\/home31\\\/home31.png&quot;,&quot;id&quot;:1598,&quot;size&quot;:&quot;&quot;,&quot;alt&quot;:&quot;&quot;,&quot;source&quot;:&quot;library&quot;},&quot;select_icon&quot;:&quot;fa fa-check-circle&quot;}\" data-widget_type=\"vt-windfall_special_offer.default\">\n\t\t\t\t<div class=\"elementor-widget-container\">\n\t\t\t\t\t<div class=\"wndfal-special-offer\">\r\n\t\t\t\t\t\t\t  <div class=\"container\">\r\n\t\t\t\t\t\t\t    <div class=\"row\">\r\n\t\t\t\t\t\t\t      <div class=\"wndfal-offer-image\">\r\n\t\t\t\t\t\t\t        <div class=\"wndfal-image\"><img decoding=\"async\" src=\"https:\/\/www.ceyranix.com\/wp-content\/uploads\/2026\/01\/home31-585x434.png\" alt=\"\"><\/div><div class=\"offer-discount\"><span class=\"discnt-percent\">-5%<\/span><span class=\"discnt-text\">Indirim<\/span><\/div>\r\n\t\t\t\t\t\t\t      <\/div>\r\n\t\t\t\t\t\t\t      <div class=\"wndfal-offer-content\">\r\n\t\t\t\t\t\t\t        <span class=\"offer-tag\"><i class=\"fa fa-check-circle\"><\/i>CeyranIX Se\u00e7imi<\/span><h3 class=\"wndfal-offer-title\"><a href=\"#0\" >10 katl\u0131 bir binan\u0131n yenilenmesi<\/a><\/h3><p>Kentsel D\u00f6n\u00fc\u015f\u00fcme renovasyondan ge\u00e7en 10 katl\u0131 bir binan\u0131n yenilenmesi: T\u00fcm daireler i\u00e7in 4+2 tesisat \u00f6zeti, 4 ay, toplam g\u00f6r\u00fcn\u00fcr i\u015f\u00e7ilik maliyeti<\/p>\r\n\t\t\t\t\t\t\t        <div class=\"wndfal-offer-price\">\r\n\t\t\t\t\t\t\t          <del>$16.400,00<\/del><ins>Sadece 15.580,00 $ i\u015f\u00e7ilik<\/ins>\r\n\t\t\t\t\t\t\t        <\/div>\r\n\t\t\t\t\t\t\t        <div class=\"wndfal-btns-group\"><a href=\"\/tr\/cix\/estimation-calculator\/\" target=\"_blank\" rel=\"nofollow\" class=\"wndfal-btn\"><span class=\"btn-text-wrap\"><span class=\"btn-text\">\u00dccretsiz Fiyat Teklifi Al\u0131n<\/span><\/span><\/a><\/div>\r\n\t\t\t\t\t\t\t      <\/div>\r\n\t\t\t\t\t\t\t    <\/div>\r\n\t\t\t\t\t\t\t  <\/div>\r\n\t\t\t\t\t\t\t<\/div>\t\t\t\t<\/div>\n\t\t\t\t<\/div>\n\t\t\t\t\t<\/div>\n\t\t<\/div>\n\t\t\t\t\t<\/div>\n\t\t<\/section>\n\t\t\t\t<section class=\"elementor-section elementor-top-section elementor-element elementor-element-4516d77 elementor-section-stretched elementor-section-boxed elementor-section-height-default elementor-section-height-default\" data-id=\"4516d77\" data-element_type=\"section\" data-e-type=\"section\" data-settings=\"{&quot;stretch_section&quot;:&quot;section-stretched&quot;,&quot;background_background&quot;:&quot;classic&quot;}\">\n\t\t\t\t\t\t<div class=\"elementor-container elementor-column-gap-default\">\n\t\t\t\t\t<div class=\"elementor-column elementor-col-100 elementor-top-column elementor-element elementor-element-c232eb2\" data-id=\"c232eb2\" data-element_type=\"column\" data-e-type=\"column\">\n\t\t\t<div class=\"elementor-widget-wrap elementor-element-populated\">\n\t\t\t\t\t\t<div class=\"elementor-element elementor-element-fd8154f elementor-widget elementor-widget-vt-windfall_special_offer\" data-id=\"fd8154f\" data-element_type=\"widget\" data-e-type=\"widget\" data-settings=\"{&quot;offer_image&quot;:{&quot;url&quot;:&quot;https:\\\/\\\/www.ceyranix.com\\\/wp-content\\\/uploads\\\/endu.png&quot;,&quot;id&quot;:2138,&quot;size&quot;:&quot;&quot;,&quot;alt&quot;:&quot;&quot;,&quot;source&quot;:&quot;library&quot;},&quot;select_icon&quot;:&quot;fa fa-star&quot;}\" data-widget_type=\"vt-windfall_special_offer.default\">\n\t\t\t\t<div class=\"elementor-widget-container\">\n\t\t\t\t\t<div class=\"wndfal-special-offer\">\r\n\t\t\t\t\t\t\t  <div class=\"container\">\r\n\t\t\t\t\t\t\t    <div class=\"row\">\r\n\t\t\t\t\t\t\t      <div class=\"wndfal-offer-image\">\r\n\t\t\t\t\t\t\t        <div class=\"wndfal-image\"><img decoding=\"async\" src=\"https:\/\/www.ceyranix.com\/wp-content\/uploads\/endu-585x434.png\" alt=\"\"><\/div><div class=\"offer-discount\"><span class=\"discnt-percent\">-5%<\/span><span class=\"discnt-text\">Indirim<\/span><\/div>\r\n\t\t\t\t\t\t\t      <\/div>\r\n\t\t\t\t\t\t\t      <div class=\"wndfal-offer-content\">\r\n\t\t\t\t\t\t\t        <span class=\"offer-tag\"><i class=\"fa fa-star\"><\/i>CeyranIX Se\u00e7imi<\/span><h3 class=\"wndfal-offer-title\"><a href=\"#0\" >End\u00fcstriyel yenileme ve bak\u0131m \u00fcretimi<\/a><\/h3><p>B\u00fcy\u00fck \u00f6l\u00e7ekli projelerde uzman\u0131z. \u00d6zel taleplere yan\u0131t veriyor ve uyguluyoruz. \u00d6rnekte g\u00f6sterilen i\u015f bina renovasyon \u00e7al\u0131\u015fmas\u0131d\u0131r (10 g\u00fcn).<\/p>\r\n\t\t\t\t\t\t\t        <div class=\"wndfal-offer-price\">\r\n\t\t\t\t\t\t\t          <del>$8,900.00<\/del><ins>Sadece 8.455,00 $ i\u015f\u00e7ilik<\/ins>\r\n\t\t\t\t\t\t\t        <\/div>\r\n\t\t\t\t\t\t\t        <div class=\"wndfal-btns-group\"><a href=\"\/tr\/cix\/estimation-calculator\/\" target=\"_blank\" rel=\"nofollow\" class=\"wndfal-btn\"><span class=\"btn-text-wrap\"><span class=\"btn-text\">\u00dccretsiz Fiyat Teklifi Al\u0131n<\/span><\/span><\/a><\/div>\r\n\t\t\t\t\t\t\t      <\/div>\r\n\t\t\t\t\t\t\t    <\/div>\r\n\t\t\t\t\t\t\t  <\/div>\r\n\t\t\t\t\t\t\t<\/div>\t\t\t\t<\/div>\n\t\t\t\t<\/div>\n\t\t\t\t\t<\/div>\n\t\t<\/div>\n\t\t\t\t\t<\/div>\n\t\t<\/section>\n\t\t\t\t<section class=\"elementor-section elementor-top-section elementor-element elementor-element-0f06807 elementor-section-stretched elementor-section-boxed elementor-section-height-default elementor-section-height-default\" data-id=\"0f06807\" data-element_type=\"section\" data-e-type=\"section\" data-settings=\"{&quot;stretch_section&quot;:&quot;section-stretched&quot;,&quot;background_background&quot;:&quot;classic&quot;}\">\n\t\t\t\t\t\t\t<div class=\"elementor-background-overlay\"><\/div>\n\t\t\t\t\t\t\t<div class=\"elementor-container elementor-column-gap-default\">\n\t\t\t\t\t<div class=\"elementor-column elementor-col-100 elementor-top-column elementor-element elementor-element-c26e7ca\" data-id=\"c26e7ca\" data-element_type=\"column\" data-e-type=\"column\">\n\t\t\t<div class=\"elementor-widget-wrap elementor-element-populated\">\n\t\t\t\t\t\t<div class=\"elementor-element elementor-element-a0d1a93 elementor-widget elementor-widget-heading\" data-id=\"a0d1a93\" data-element_type=\"widget\" data-e-type=\"widget\" data-widget_type=\"heading.default\">\n\t\t\t\t\t<h2 class=\"elementor-heading-title elementor-size-default\">Hizmetinizi \u015fimdi planlay\u0131n<\/h2>\t\t\t\t<\/div>\n\t\t\t\t<div class=\"elementor-element elementor-element-482e9dc elementor-widget elementor-widget-heading\" data-id=\"482e9dc\" data-element_type=\"widget\" data-e-type=\"widget\" data-widget_type=\"heading.default\">\n\t\t\t\t\t<h2 class=\"elementor-heading-title elementor-size-default\">50% 'ye varan teklif al\u0131n<\/br>\nIlk 3 hizmet<\/h2>\t\t\t\t<\/div>\n\t\t\t\t<div class=\"elementor-element elementor-element-8ad3ab6 elementor-widget elementor-widget-vt-windfall_button\" data-id=\"8ad3ab6\" data-element_type=\"widget\" data-e-type=\"widget\" data-widget_type=\"vt-windfall_button.default\">\n\t\t\t\t<div class=\"elementor-widget-container\">\n\t\t\t\t\t<div class=\"windfall-btn-wrap\"><div class=\"wndfal-btns-grop\"><a href=\"\/tr\/cix\/estimation-calculator\/\"   class=\"wndfal-btn  wndfal-noborder-btn\"><span class=\"btn-text-wrap\"><span class=\"btn-text\">Rezervasyon Yap<\/span><\/span><\/a><\/div><\/div>\t\t\t\t<\/div>\n\t\t\t\t<\/div>\n\t\t\t\t\t<\/div>\n\t\t<\/div>\n\t\t\t\t\t<\/div>\n\t\t<\/section>\n\t\t\t\t<\/div>","protected":false},"excerpt":{"rendered":"-10%Discount Recommended Renovation of Electrical Installations We will visit your property or facility to conduct the necessary inspections for your project. Following approval of the requested renovation project, we aim to commence work within the specified timeframe. (20days) . $1600.00$1440 labor only Get Free Quote -5%Discount Recommended Renovation works for a commercial building, Renovation work&#8230;","protected":false},"author":1,"featured_media":0,"parent":0,"menu_order":0,"comment_status":"closed","ping_status":"closed","template":"","meta":{"footnotes":""},"class_list":["post-1077","page","type-page","status-publish","hentry"],"_links":{"self":[{"href":"https:\/\/www.ceyranix.com\/tr\/wp-json\/wp\/v2\/pages\/1077","targetHints":{"allow":["GET"]}}],"collection":[{"href":"https:\/\/www.ceyranix.com\/tr\/wp-json\/wp\/v2\/pages"}],"about":[{"href":"https:\/\/www.ceyranix.com\/tr\/wp-json\/wp\/v2\/types\/page"}],"author":[{"embeddable":true,"href":"https:\/\/www.ceyranix.com\/tr\/wp-json\/wp\/v2\/users\/1"}],"replies":[{"embeddable":true,"href":"https:\/\/www.ceyranix.com\/tr\/wp-json\/wp\/v2\/comments?post=1077"}],"version-history":[{"count":67,"href":"https:\/\/www.ceyranix.com\/tr\/wp-json\/wp\/v2\/pages\/1077\/revisions"}],"predecessor-version":[{"id":2141,"href":"https:\/\/www.ceyranix.com\/tr\/wp-json\/wp\/v2\/pages\/1077\/revisions\/2141"}],"wp:attachment":[{"href":"https:\/\/www.ceyranix.com\/tr\/wp-json\/wp\/v2\/media?parent=1077"}],"curies":[{"name":"wp","href":"https:\/\/api.w.org\/{rel}","templated":true}]}}